{"id":9410,"date":"2024-06-24T12:31:43","date_gmt":"2024-06-24T12:31:43","guid":{"rendered":"https:\/\/osaka.ma\/?post_type=product&#038;p=9410"},"modified":"2025-04-10T17:50:12","modified_gmt":"2025-04-10T17:50:12","slug":"480gb-msi-spatium-s270","status":"publish","type":"product","link":"https:\/\/osaka.ma\/ru\/product\/480gb-msi-spatium-s270\/","title":{"rendered":"480GB MSI SPATIUM S270"},"content":{"rendered":"<p>Le\u00a0<strong>SSD SPATIUM S270 240GB<\/strong>\u00a0de\u00a0<b>MSI\u00a0<\/b>am\u00e9liore consid\u00e9rablement la r\u00e9activit\u00e9 de votre syst\u00e8me actuel avec des vitesses de d\u00e9marrage, de chargement et de transfert par rapport aux disques durs classiques. Anim\u00e9 par un contr\u00f4leur de la derni\u00e8re g\u00e9n\u00e9ration offrant des vitesses de lecture et d\u2019\u00e9criture allant jusqu\u2019\u00e0 500Mo\/s et 350Mo\/s, ce SSD est dix fois plus rapide qu\u2019un disque dur traditionnel et offre des performances plus \u00e9lev\u00e9es, une gestion multi-t\u00e2ches ultra r\u00e9active, et acc\u00e9l\u00e8re l\u2019ensemble du syst\u00e8me.<\/p>\n<section class=\"product-features mb-3\">\n<p class=\"product-details-title h4 py-2\"><strong>Fiche technique :<\/strong><\/p>\n<ul>\n<li>Format de Disque : 2,5\u2033<\/li>\n<li>Capacit\u00e9 de disque : 240 Go<\/li>\n<li>Interface : SATA 3 (6 Gb\/s)<\/li>\n<li>Vitesse en lecture : 500 Mo\/s<\/li>\n<li>Vitesse en \u00e9criture : 400 Mo\/s<\/li>\n<li>Marque : MSI<\/li>\n<\/ul>\n<\/section>\n","protected":false},"excerpt":{"rendered":"<p>Le<strong> SSD SPATIUM S270 480GB<\/strong>\u00a0de\u00a0<b>MSI\u00a0<\/b>am\u00e9liore consid\u00e9rablement la r\u00e9activit\u00e9 de votre syst\u00e8me actuel avec des vitesses de d\u00e9marrage, de chargement et de transfert par rapport aux disques durs classiques. Anim\u00e9 par un contr\u00f4leur de la derni\u00e8re g\u00e9n\u00e9ration offrant des vitesses de lecture et d\u2019\u00e9criture allant jusqu\u2019\u00e0 500Mo\/s et 350Mo\/s, ce SSD est dix fois plus rapide qu\u2019un disque dur traditionnel et offre des performances plus \u00e9lev\u00e9es, une gestion multi-t\u00e2ches ultra r\u00e9active, et acc\u00e9l\u00e8re l\u2019ensemble du syst\u00e8me.<\/p>\n","protected":false},"featured_media":1009411,"template":"","meta":{"_acf_changed":false},"pwb-brand":[],"product_brand":[96],"product_cat":[17,22],"product_tag":[],"pcb_component_type":[],"class_list":{"0":"post-9410","1":"product","2":"type-product","3":"status-publish","4":"has-post-thumbnail","6":"product_brand-msi","7":"product_cat-composants-gaming","8":"product_cat-disque-dur-ssd","10":"first","11":"outofstock","12":"shipping-taxable","13":"product-type-simple"},"translation":{"provider":"WPGlobus","version":"3.0.2","language":"ru","enabled_languages":["en","es","de","fr","ru"],"languages":{"en":{"title":true,"content":true,"excerpt":true},"es":{"title":false,"content":false,"excerpt":false},"de":{"title":false,"content":false,"excerpt":false},"fr":{"title":false,"content":false,"excerpt":false},"ru":{"title":false,"content":false,"excerpt":false}}},"acf":[],"yoast_head":"<!-- This site is optimized with the Yoast SEO plugin v27.2 - https:\/\/yoast.com\/product\/yoast-seo-wordpress\/ -->\n<title>480GB MSI SPATIUM S270 - Osaka<\/title>\n<meta name=\"robots\" content=\"index, follow, max-snippet:-1, max-image-preview:large, max-video-preview:-1\" \/>\n<link rel=\"canonical\" href=\"https:\/\/osaka.ma\/product\/480gb-msi-spatium-s270\/\" \/>\n<meta property=\"og:locale\" content=\"ru_RU\" \/>\n<meta property=\"og:type\" content=\"article\" \/>\n<meta property=\"og:title\" content=\"480GB MSI SPATIUM S270 - Osaka\" \/>\n<meta property=\"og:url\" content=\"https:\/\/osaka.ma\/product\/480gb-msi-spatium-s270\/\" \/>\n<meta property=\"og:site_name\" content=\"Osaka\" \/>\n<meta property=\"article:modified_time\" content=\"2025-04-10T17:50:12+00:00\" \/>\n<meta property=\"og:image\" content=\"https:\/\/osaka.ma\/wp-content\/uploads\/2024\/06\/msi-ssd-spatium-s270-240gb-disques-durs-et-ssd.jpg\" \/>\n\t<meta property=\"og:image:width\" content=\"601\" \/>\n\t<meta property=\"og:image:height\" content=\"678\" \/>\n\t<meta property=\"og:image:type\" content=\"image\/jpeg\" \/>\n<meta name=\"twitter:card\" content=\"summary_large_image\" \/>\n<meta name=\"twitter:label1\" content=\"Est. reading time\" \/>\n\t<meta name=\"twitter:data1\" content=\"1 minute\" \/>\n<script type=\"application\/ld+json\" class=\"yoast-schema-graph\">{\"@context\":\"https:\/\/schema.org\",\"@graph\":[{\"@type\":\"WebPage\",\"@id\":\"https:\/\/osaka.ma\/product\/480gb-msi-spatium-s270\/\",\"url\":\"https:\/\/osaka.ma\/product\/480gb-msi-spatium-s270\/\",\"name\":\"480GB MSI SPATIUM S270 - Osaka\",\"isPartOf\":{\"@id\":\"https:\/\/osaka.ma\/#website\"},\"primaryImageOfPage\":{\"@id\":\"https:\/\/osaka.ma\/product\/480gb-msi-spatium-s270\/#primaryimage\"},\"image\":{\"@id\":\"https:\/\/osaka.ma\/product\/480gb-msi-spatium-s270\/#primaryimage\"},\"thumbnailUrl\":\"https:\/\/osaka.ma\/wp-content\/uploads\/2024\/06\/msi-ssd-spatium-s270-240gb-disques-durs-et-ssd.jpg\",\"datePublished\":\"2024-06-24T12:31:43+00:00\",\"dateModified\":\"2025-04-10T17:50:12+00:00\",\"breadcrumb\":{\"@id\":\"https:\/\/osaka.ma\/product\/480gb-msi-spatium-s270\/#breadcrumb\"},\"inLanguage\":\"ru-RU\",\"potentialAction\":[{\"@type\":\"ReadAction\",\"target\":[\"https:\/\/osaka.ma\/product\/480gb-msi-spatium-s270\/\"]}]},{\"@type\":\"ImageObject\",\"inLanguage\":\"ru-RU\",\"@id\":\"https:\/\/osaka.ma\/product\/480gb-msi-spatium-s270\/#primaryimage\",\"url\":\"https:\/\/osaka.ma\/wp-content\/uploads\/2024\/06\/msi-ssd-spatium-s270-240gb-disques-durs-et-ssd.jpg\",\"contentUrl\":\"https:\/\/osaka.ma\/wp-content\/uploads\/2024\/06\/msi-ssd-spatium-s270-240gb-disques-durs-et-ssd.jpg\",\"width\":601,\"height\":678},{\"@type\":\"BreadcrumbList\",\"@id\":\"https:\/\/osaka.ma\/product\/480gb-msi-spatium-s270\/#breadcrumb\",\"itemListElement\":[{\"@type\":\"ListItem\",\"position\":1,\"name\":\"Home\",\"item\":\"https:\/\/osaka.ma\/\"},{\"@type\":\"ListItem\",\"position\":2,\"name\":\"Shop\",\"item\":\"https:\/\/osaka.ma\/shop-2\/\"},{\"@type\":\"ListItem\",\"position\":3,\"name\":\"480GB MSI SPATIUM S270\"}]},{\"@type\":\"WebSite\",\"@id\":\"https:\/\/osaka.ma\/#website\",\"url\":\"https:\/\/osaka.ma\/\",\"name\":\"Osaka\",\"description\":\"\",\"publisher\":{\"@id\":\"https:\/\/osaka.ma\/#organization\"},\"potentialAction\":[{\"@type\":\"SearchAction\",\"target\":{\"@type\":\"EntryPoint\",\"urlTemplate\":\"https:\/\/osaka.ma\/?s={search_term_string}\"},\"query-input\":{\"@type\":\"PropertyValueSpecification\",\"valueRequired\":true,\"valueName\":\"search_term_string\"}}],\"inLanguage\":\"ru-RU\"},{\"@type\":\"Organization\",\"@id\":\"https:\/\/osaka.ma\/#organization\",\"name\":\"Osaka\",\"url\":\"https:\/\/osaka.ma\/\",\"logo\":{\"@type\":\"ImageObject\",\"inLanguage\":\"ru-RU\",\"@id\":\"https:\/\/osaka.ma\/#\/schema\/logo\/image\/\",\"url\":\"https:\/\/osaka.ma\/wp-content\/uploads\/2026\/01\/model-slogan-logo-2Plan-de-travail-1dksl-plus-finnn.png\",\"contentUrl\":\"https:\/\/osaka.ma\/wp-content\/uploads\/2026\/01\/model-slogan-logo-2Plan-de-travail-1dksl-plus-finnn.png\",\"width\":842,\"height\":226,\"caption\":\"Osaka\"},\"image\":{\"@id\":\"https:\/\/osaka.ma\/#\/schema\/logo\/image\/\"}}]}<\/script>\n<!-- \/ Yoast SEO plugin. -->","yoast_head_json":{"title":"480GB MSI SPATIUM S270 - Osaka","robots":{"index":"index","follow":"follow","max-snippet":"max-snippet:-1","max-image-preview":"max-image-preview:large","max-video-preview":"max-video-preview:-1"},"canonical":"https:\/\/osaka.ma\/product\/480gb-msi-spatium-s270\/","og_locale":"ru_RU","og_type":"article","og_title":"480GB MSI SPATIUM S270 - Osaka","og_url":"https:\/\/osaka.ma\/product\/480gb-msi-spatium-s270\/","og_site_name":"Osaka","article_modified_time":"2025-04-10T17:50:12+00:00","og_image":[{"width":601,"height":678,"url":"https:\/\/osaka.ma\/wp-content\/uploads\/2024\/06\/msi-ssd-spatium-s270-240gb-disques-durs-et-ssd.jpg","type":"image\/jpeg"}],"twitter_card":"summary_large_image","twitter_misc":{"Est. reading time":"1 minute"},"schema":{"@context":"https:\/\/schema.org","@graph":[{"@type":"WebPage","@id":"https:\/\/osaka.ma\/product\/480gb-msi-spatium-s270\/","url":"https:\/\/osaka.ma\/product\/480gb-msi-spatium-s270\/","name":"480GB MSI SPATIUM S270 - Osaka","isPartOf":{"@id":"https:\/\/osaka.ma\/#website"},"primaryImageOfPage":{"@id":"https:\/\/osaka.ma\/product\/480gb-msi-spatium-s270\/#primaryimage"},"image":{"@id":"https:\/\/osaka.ma\/product\/480gb-msi-spatium-s270\/#primaryimage"},"thumbnailUrl":"https:\/\/osaka.ma\/wp-content\/uploads\/2024\/06\/msi-ssd-spatium-s270-240gb-disques-durs-et-ssd.jpg","datePublished":"2024-06-24T12:31:43+00:00","dateModified":"2025-04-10T17:50:12+00:00","breadcrumb":{"@id":"https:\/\/osaka.ma\/product\/480gb-msi-spatium-s270\/#breadcrumb"},"inLanguage":"ru-RU","potentialAction":[{"@type":"ReadAction","target":["https:\/\/osaka.ma\/product\/480gb-msi-spatium-s270\/"]}]},{"@type":"ImageObject","inLanguage":"ru-RU","@id":"https:\/\/osaka.ma\/product\/480gb-msi-spatium-s270\/#primaryimage","url":"https:\/\/osaka.ma\/wp-content\/uploads\/2024\/06\/msi-ssd-spatium-s270-240gb-disques-durs-et-ssd.jpg","contentUrl":"https:\/\/osaka.ma\/wp-content\/uploads\/2024\/06\/msi-ssd-spatium-s270-240gb-disques-durs-et-ssd.jpg","width":601,"height":678},{"@type":"BreadcrumbList","@id":"https:\/\/osaka.ma\/product\/480gb-msi-spatium-s270\/#breadcrumb","itemListElement":[{"@type":"ListItem","position":1,"name":"Home","item":"https:\/\/osaka.ma\/"},{"@type":"ListItem","position":2,"name":"Shop","item":"https:\/\/osaka.ma\/shop-2\/"},{"@type":"ListItem","position":3,"name":"480GB MSI SPATIUM S270"}]},{"@type":"WebSite","@id":"https:\/\/osaka.ma\/#website","url":"https:\/\/osaka.ma\/","name":"Osaka","description":"","publisher":{"@id":"https:\/\/osaka.ma\/#organization"},"potentialAction":[{"@type":"SearchAction","target":{"@type":"EntryPoint","urlTemplate":"https:\/\/osaka.ma\/?s={search_term_string}"},"query-input":{"@type":"PropertyValueSpecification","valueRequired":true,"valueName":"search_term_string"}}],"inLanguage":"ru-RU"},{"@type":"Organization","@id":"https:\/\/osaka.ma\/#organization","name":"Osaka","url":"https:\/\/osaka.ma\/","logo":{"@type":"ImageObject","inLanguage":"ru-RU","@id":"https:\/\/osaka.ma\/#\/schema\/logo\/image\/","url":"https:\/\/osaka.ma\/wp-content\/uploads\/2026\/01\/model-slogan-logo-2Plan-de-travail-1dksl-plus-finnn.png","contentUrl":"https:\/\/osaka.ma\/wp-content\/uploads\/2026\/01\/model-slogan-logo-2Plan-de-travail-1dksl-plus-finnn.png","width":842,"height":226,"caption":"Osaka"},"image":{"@id":"https:\/\/osaka.ma\/#\/schema\/logo\/image\/"}}]}},"jetpack_sharing_enabled":true,"brands":[],"_links":{"self":[{"href":"https:\/\/osaka.ma\/ru\/wp-json\/wp\/v2\/product\/9410","targetHints":{"allow":["GET"]}}],"collection":[{"href":"https:\/\/osaka.ma\/ru\/wp-json\/wp\/v2\/product"}],"about":[{"href":"https:\/\/osaka.ma\/ru\/wp-json\/wp\/v2\/types\/product"}],"version-history":[{"count":0,"href":"https:\/\/osaka.ma\/ru\/wp-json\/wp\/v2\/product\/9410\/revisions"}],"wp:featuredmedia":[{"embeddable":true,"href":"https:\/\/osaka.ma\/ru\/wp-json\/wp\/v2\/media\/1009411"}],"wp:attachment":[{"href":"https:\/\/osaka.ma\/ru\/wp-json\/wp\/v2\/media?parent=9410"}],"wp:term":[{"taxonomy":"pwb-brand","embeddable":true,"href":"https:\/\/osaka.ma\/ru\/wp-json\/wp\/v2\/pwb-brand?post=9410"},{"taxonomy":"product_brand","embeddable":true,"href":"https:\/\/osaka.ma\/ru\/wp-json\/wp\/v2\/product_brand?post=9410"},{"taxonomy":"product_cat","embeddable":true,"href":"https:\/\/osaka.ma\/ru\/wp-json\/wp\/v2\/product_cat?post=9410"},{"taxonomy":"product_tag","embeddable":true,"href":"https:\/\/osaka.ma\/ru\/wp-json\/wp\/v2\/product_tag?post=9410"},{"taxonomy":"pcb_component_type","embeddable":true,"href":"https:\/\/osaka.ma\/ru\/wp-json\/wp\/v2\/pcb_component_type?post=9410"}],"curies":[{"name":"wp","href":"https:\/\/api.w.org\/{rel}","templated":true}]}}