{"id":9577,"date":"2024-07-03T10:31:26","date_gmt":"2024-07-03T10:31:26","guid":{"rendered":"https:\/\/osaka.ma\/?post_type=product&#038;p=9577"},"modified":"2024-12-18T15:36:12","modified_gmt":"2024-12-18T15:36:12","slug":"pc-gamer-i5-11400-16gb-512gb-ssd-rtx-2060-super-8gb","status":"publish","type":"product","link":"https:\/\/osaka.ma\/ru\/product\/pc-gamer-i5-11400-16gb-512gb-ssd-rtx-2060-super-8gb\/","title":{"rendered":"PC GAMER i5-11400 \/ 16GB \/ 512GB SSD \/ RTX 2060 SUPER 8GB"},"content":{"rendered":"<p>PC Gamer Osaka vous offre une configuration INTEL avec des composants \u00e9quilibr\u00e9e avec un bon prix, ce PC Gamer compos\u00e9 d\u2019un processeur <strong>INTEL\u00ae CORE\u2122 i5-11400<\/strong> ainsi que d\u2019une carte graphique <strong>NVIDIA GEFORCE RTX 2060 SUPER 8GB<\/strong> Il int\u00e8gre \u00e9galement un <strong>SSD 512GB<\/strong> pour un syst\u00e8me toujours plus rapide et <strong>16 (8\u00d72) Go de RAM<\/strong>. Voila les atouts de ce PC puissant taill\u00e9 pour travailler dans les meilleures conditions.<\/p>\n<ul>\n<li>Processeur<a href=\"https:\/\/osaka.ma\/produit\/intel-core-i5-11400-2-6-ghz-4-4-ghz-box\/\">\u00a0<strong><strong>Intel Core i5-11400 <\/strong><\/strong><\/a>Processeur 6-Core 12-Threads Socket 1200 Cache L3 12 Mo<\/li>\n<li>Carte m\u00e8re\u00a0<strong>ASROCK H510M-HDV DDR4<\/strong><\/li>\n<li>Ram\u00a0<a href=\"https:\/\/osaka.ma\/produit\/16gb8x2-gigastone-ddr4-3200mhz\/\"><strong>16GB GIGASTONE DDR4 3200MHZ<\/strong><\/a><\/li>\n<li>Carte graphique\u00a0<a href=\"https:\/\/osaka.ma\/produit\/ocpc-rtx-2060-super-8gb-oc\/\"><strong>NVIDIA GeForce OCPC RTX 2060 SUPER 8Gb<\/strong><\/a><\/li>\n<li>Bo\u00eetier<a href=\"https:\/\/osaka.ma\/produit\/msi-mag-force-m1000a\/\"><strong> MSI M100A RGB<\/strong><\/a><\/li>\n<li>SSD\u00a0<a href=\"https:\/\/osaka.ma\/produit\/512gb-lexar-nm620\/\"><strong>512Go LEXAR NM620 <\/strong><\/a>Nvme 3500Mb\/s<\/li>\n<li>Alimentation\u00a0<strong><a href=\"https:\/\/osaka.ma\/produit\/msi-mag-a650bnl-80-bronze\/\">MSI MAG A650BNL<\/a> 650W 80+ BRONZE<\/strong><\/li>\n<li><strong>Win11 \/ Bien assembl\u00e9<\/strong><\/li>\n<\/ul>\n<p>&nbsp;<\/p>\n<div class=\"logo\"><a href=\"https:\/\/www.ldlc.com\/intel\/bint000000192\/\" rel=\"nofollow noopener\" target=\"_blank\"><img decoding=\"async\" src=\"https:\/\/media.ldlc.com\/v3\/marque\/bo\/00\/05\/72\/22\/V30005722262_2.jpg\" alt=\"Intel\" \/><\/a><\/div>\n<div id=\"description\" class=\"description\">\n<div class=\"details-pdt-desc\">\n<h2><\/h2>\n<h2 class=\"h2-master\">Processeur Intel Core 11\u00e8me g\u00e9n\u00e9ration Rocket Lake-S<\/h2>\n<section>La\u00a0<strong>11\u00e8me g\u00e9n\u00e9ration de processeur Intel Core Rocket Lake-S\u00a0<\/strong>vous propulse vers toujours plus de puissance gr\u00e2ce \u00e0 sa compatibilit\u00e9 avec la norme\u00a0<strong>PCI-Express 4.0<\/strong>\u00a0et la pr\u00e9sence de l&#8217;<strong>Hyper Threading<\/strong>\u00a0sur toute la gamme depuis le Core i3 jusqu&#8217;au Core i9. Ses fr\u00e9quences Turbo vont toujours plus haut en conservant des TDP identiques aux g\u00e9n\u00e9rations pr\u00e9c\u00e9dentes. Les performances de pointe et la fluidit\u00e9 sont de mise pour tous que ce soit pour une utilisation bureautique, cr\u00e9ative ou gaming. Le\u00a0<strong>processeur Intel Core i5-11400<\/strong>\u00a0dot\u00e9 de\u00a0<strong>6 Cores<\/strong>\u00a0(12 Threads), de\u00a0<strong>12 Mo de cache<\/strong>\u00a0et de\u00a0<strong>fr\u00e9quences Turbo pouvant atteindre 4.4 GHz<\/strong>\u00a0se destine aux gamers avertis et aux utilisateurs qui ont besoin d&#8217;un processeur \u00e0 l&#8217;aise dans toutes les situations. Performances irr\u00e9sistibles dans les Jeux, r\u00e9alit\u00e9 virtuelle sans ralentissement, multit\u00e2che intensif, les processeurs Intel Core de 11\u00e8me g\u00e9n\u00e9ration sont ultra polyvalents et rien ne leur fait peur !<\/section>\n<section>\n<div class=\"desc-image\"><img decoding=\"async\" src=\"https:\/\/media.ldlc.com\/bo\/images\/fiches\/processeur\/intel\/rocket_lake_s\/800_1.jpg\" alt=\"\" \/><\/div>\n<div class=\"desc-text\">\n<h2><\/h2>\n<h2>INTEL CORE I5-11400 : 6 CORES DE 2.6 GHZ \u00c0 4.4 GHZ<\/h2>\n<p>Le\u00a0<strong>processeur Intel Core i5-11400<\/strong>\u00a0embarque\u00a0<strong>6 Coeurs et 12 threads<\/strong>\u00a0accompagn\u00e9s de\u00a0<strong>12 Mo de Cache.<\/strong>\u00a0Il propose des performances de haute vol\u00e9e\u00a0 avec sa fr\u00e9quence de base \u00e0 2.6 GHz et\u00a0<strong>jusqu&#8217; \u00e0 4.4 GHz en mode Turbo<\/strong>. Son\u00a0<strong>TDP de 65W<\/strong>\u00a0lui permet d&#8217;offrir des fr\u00e9quences de fonctionnement \u00e9lev\u00e9es tout en gardant une consommation \u00e9lectrique maitris\u00e9e.<\/p>\n<\/div>\n<\/section>\n<section>\n<h2><img fetchpriority=\"high\" decoding=\"async\" class=\"aligncenter\" src=\"https:\/\/osaka.ma\/wp-content\/uploads\/2024\/06\/CARTE-GRAPHIQUE-OCPC-GeForce-RTX-2060-SUPER-8GB-GDDR6.jpg\" width=\"422\" height=\"422\" \/><\/h2>\n<div class=\"desc-text\">\n<h2>ARCHITECTURE NVIDIA ADA LOVELACE<\/h2>\n<p>Cette architecture nouvelle va vous permettre de garder une longueur d\u2019avance. Elle est en avance sur son temps comme sur le jeu.<\/p>\n<ul>\n<li>Nouveaux multiprocesseurs de flux : Jusqu\u2019\u00e0 2 fois plus de performances et de rendement \u00e9nerg\u00e9tique<\/li>\n<li>C\u0153urs Tensor de quatri\u00e8me g\u00e9n\u00e9ration : Jusqu\u2019\u00e0 2 fois plus de performances d\u2019IA<\/li>\n<li>C\u0153urs RT de troisi\u00e8me g\u00e9n\u00e9ration : Jusqu\u2019\u00e0 2 fois plus de performances de ray tracing et des graphismes r\u00e9alistes et immersifs<\/li>\n<li>Plateforme NVIDIA Reflex \u00e0 faible latence<\/li>\n<li>Encodeur NVIDIA : Conception pour le streaming en direct<\/li>\n<li>NVIDIA Broadcast : Vid\u00e9o et voix optimis\u00e9es par l\u2019IA<\/li>\n<li>NVIDIA Studio : Acc\u00e9l\u00e9rez votre cr\u00e9ativit\u00e9<\/li>\n<li>NVIDIA Omniverse : Plateforme de collaboration pour la conception 3D<\/li>\n<li>NVIDIA DLSS 3 : Performances acc\u00e9l\u00e9r\u00e9es par l\u2019IA<\/li>\n<\/ul>\n<p>&nbsp;<\/p>\n<\/div>\n<div class=\"desc-image\"><img decoding=\"async\" src=\"https:\/\/media.ldlc.com\/bo\/images\/fiches\/Carte_graphique\/NVIDIA\/nvidia_ada_lovelace_001.jpg\" alt=\"\" \/><\/div>\n<\/section>\n<section>\n<div class=\"desc-image\"><img decoding=\"async\" src=\"https:\/\/media.ldlc.com\/bo\/images\/fiches\/Carte_graphique\/NVIDIA\/nvidia_ada_lovelace_002.jpg\" alt=\"\" \/><\/div>\n<\/section>\n<\/div>\n<\/div>\n","protected":false},"excerpt":{"rendered":"<p>PC Gamer Osaka vous offre une configuration INTEL avec des composants \u00e9quilibr\u00e9e avec un bon prix, ce PC Gamer compos\u00e9 d\u2019un processeur <strong>INTEL\u00ae CORE\u2122 i5-11400<\/strong> ainsi que d\u2019une carte graphique <strong>NVIDIA GEFORCE RTX 2060 SUPER 8Go<\/strong> Il int\u00e8gre \u00e9galement un <strong>SSD 512GB<\/strong> pour un syst\u00e8me toujours plus rapide et <strong>16 (8\u00d72) Go de RAM<\/strong>. Voila les atouts de ce PC puissant taill\u00e9 pour travailler dans les meilleures conditions.<\/p>\n<ul>\n<li>Processeur\u00a0<strong><strong>Intel Core i5-11400 <\/strong>(2.6 GHz \/ 4.4 GHz)<\/strong><\/li>\n<li>Carte m\u00e8re <strong>ASROCK\u00a0H510M-HDV DDR4<\/strong><\/li>\n<li>Ram\u00a0<strong>16GB GIGASTONE DDR4 3200MHZ<\/strong><\/li>\n<li>Carte graphique\u00a0<strong>NVIDIA GeForce RTX 2060 SUPER 8Gb<\/strong><\/li>\n<li>Bo\u00eetier<strong> MSI M100A RGB<\/strong><\/li>\n<li>SSD\u00a0<strong>512 Go LEXAR NM620 NVME<\/strong><\/li>\n<li>Alimentation\u00a0<strong>MSI MAG A650BNL 650W 80+ BRONZE<\/strong><\/li>\n<li><strong>Win11 \/ Bien assembl\u00e9<\/strong><\/li>\n<\/ul>\n","protected":false},"featured_media":1007271,"template":"","meta":{"_acf_changed":false},"pwb-brand":[],"product_brand":[],"product_cat":[57,53],"product_tag":[],"pcb_component_type":[],"class_list":{"0":"post-9577","1":"product","2":"type-product","3":"status-publish","4":"has-post-thumbnail","6":"product_cat-intel","7":"product_cat-pc-gamer","9":"first","10":"outofstock","11":"shipping-taxable","12":"product-type-simple"},"translation":{"provider":"WPGlobus","version":"3.0.2","language":"ru","enabled_languages":["en","es","de","fr","ru"],"languages":{"en":{"title":true,"content":true,"excerpt":true},"es":{"title":false,"content":false,"excerpt":false},"de":{"title":false,"content":false,"excerpt":false},"fr":{"title":false,"content":false,"excerpt":false},"ru":{"title":false,"content":false,"excerpt":false}}},"acf":[],"yoast_head":"<!-- This site is optimized with the Yoast SEO plugin v27.2 - https:\/\/yoast.com\/product\/yoast-seo-wordpress\/ -->\n<title>PC GAMER i5-11400 \/ 16GB \/ 512GB SSD \/ RTX 2060 SUPER 8GB - Osaka<\/title>\n<meta name=\"robots\" content=\"index, follow, max-snippet:-1, max-image-preview:large, max-video-preview:-1\" \/>\n<link rel=\"canonical\" href=\"https:\/\/osaka.ma\/product\/pc-gamer-i5-11400-16gb-512gb-ssd-rtx-2060-super-8gb\/\" \/>\n<meta property=\"og:locale\" content=\"ru_RU\" \/>\n<meta property=\"og:type\" content=\"article\" \/>\n<meta property=\"og:title\" content=\"PC GAMER i5-11400 \/ 16GB \/ 512GB SSD \/ RTX 2060 SUPER 8GB - Osaka\" \/>\n<meta property=\"og:url\" content=\"https:\/\/osaka.ma\/product\/pc-gamer-i5-11400-16gb-512gb-ssd-rtx-2060-super-8gb\/\" \/>\n<meta property=\"og:site_name\" content=\"Osaka\" \/>\n<meta property=\"article:modified_time\" content=\"2024-12-18T15:36:12+00:00\" \/>\n<meta property=\"og:image\" content=\"https:\/\/osaka.ma\/wp-content\/uploads\/2024\/01\/Osaka-Gaming-MSI-MAG-Forge-M100R-A.jpg\" \/>\n\t<meta property=\"og:image:width\" content=\"1080\" \/>\n\t<meta property=\"og:image:height\" content=\"1080\" \/>\n\t<meta property=\"og:image:type\" content=\"image\/jpeg\" \/>\n<meta name=\"twitter:card\" content=\"summary_large_image\" \/>\n<meta name=\"twitter:label1\" content=\"Est. reading time\" \/>\n\t<meta name=\"twitter:data1\" content=\"4 minutes\" \/>\n<script type=\"application\/ld+json\" class=\"yoast-schema-graph\">{\"@context\":\"https:\/\/schema.org\",\"@graph\":[{\"@type\":\"WebPage\",\"@id\":\"https:\/\/osaka.ma\/product\/pc-gamer-i5-11400-16gb-512gb-ssd-rtx-2060-super-8gb\/\",\"url\":\"https:\/\/osaka.ma\/product\/pc-gamer-i5-11400-16gb-512gb-ssd-rtx-2060-super-8gb\/\",\"name\":\"PC GAMER i5-11400 \/ 16GB \/ 512GB SSD \/ RTX 2060 SUPER 8GB - Osaka\",\"isPartOf\":{\"@id\":\"https:\/\/osaka.ma\/#website\"},\"primaryImageOfPage\":{\"@id\":\"https:\/\/osaka.ma\/product\/pc-gamer-i5-11400-16gb-512gb-ssd-rtx-2060-super-8gb\/#primaryimage\"},\"image\":{\"@id\":\"https:\/\/osaka.ma\/product\/pc-gamer-i5-11400-16gb-512gb-ssd-rtx-2060-super-8gb\/#primaryimage\"},\"thumbnailUrl\":\"https:\/\/osaka.ma\/wp-content\/uploads\/2024\/01\/Osaka-Gaming-MSI-MAG-Forge-M100R-A.jpg\",\"datePublished\":\"2024-07-03T10:31:26+00:00\",\"dateModified\":\"2024-12-18T15:36:12+00:00\",\"breadcrumb\":{\"@id\":\"https:\/\/osaka.ma\/product\/pc-gamer-i5-11400-16gb-512gb-ssd-rtx-2060-super-8gb\/#breadcrumb\"},\"inLanguage\":\"ru-RU\",\"potentialAction\":[{\"@type\":\"ReadAction\",\"target\":[\"https:\/\/osaka.ma\/product\/pc-gamer-i5-11400-16gb-512gb-ssd-rtx-2060-super-8gb\/\"]}]},{\"@type\":\"ImageObject\",\"inLanguage\":\"ru-RU\",\"@id\":\"https:\/\/osaka.ma\/product\/pc-gamer-i5-11400-16gb-512gb-ssd-rtx-2060-super-8gb\/#primaryimage\",\"url\":\"https:\/\/osaka.ma\/wp-content\/uploads\/2024\/01\/Osaka-Gaming-MSI-MAG-Forge-M100R-A.jpg\",\"contentUrl\":\"https:\/\/osaka.ma\/wp-content\/uploads\/2024\/01\/Osaka-Gaming-MSI-MAG-Forge-M100R-A.jpg\",\"width\":1080,\"height\":1080},{\"@type\":\"BreadcrumbList\",\"@id\":\"https:\/\/osaka.ma\/product\/pc-gamer-i5-11400-16gb-512gb-ssd-rtx-2060-super-8gb\/#breadcrumb\",\"itemListElement\":[{\"@type\":\"ListItem\",\"position\":1,\"name\":\"Home\",\"item\":\"https:\/\/osaka.ma\/\"},{\"@type\":\"ListItem\",\"position\":2,\"name\":\"Shop\",\"item\":\"https:\/\/osaka.ma\/shop-2\/\"},{\"@type\":\"ListItem\",\"position\":3,\"name\":\"PC GAMER i5-11400 \/ 16GB \/ 512GB SSD \/ RTX 2060 SUPER 8GB\"}]},{\"@type\":\"WebSite\",\"@id\":\"https:\/\/osaka.ma\/#website\",\"url\":\"https:\/\/osaka.ma\/\",\"name\":\"Osaka\",\"description\":\"\",\"publisher\":{\"@id\":\"https:\/\/osaka.ma\/#organization\"},\"potentialAction\":[{\"@type\":\"SearchAction\",\"target\":{\"@type\":\"EntryPoint\",\"urlTemplate\":\"https:\/\/osaka.ma\/?s={search_term_string}\"},\"query-input\":{\"@type\":\"PropertyValueSpecification\",\"valueRequired\":true,\"valueName\":\"search_term_string\"}}],\"inLanguage\":\"ru-RU\"},{\"@type\":\"Organization\",\"@id\":\"https:\/\/osaka.ma\/#organization\",\"name\":\"Osaka\",\"url\":\"https:\/\/osaka.ma\/\",\"logo\":{\"@type\":\"ImageObject\",\"inLanguage\":\"ru-RU\",\"@id\":\"https:\/\/osaka.ma\/#\/schema\/logo\/image\/\",\"url\":\"https:\/\/osaka.ma\/wp-content\/uploads\/2026\/01\/model-slogan-logo-2Plan-de-travail-1dksl-plus-finnn.png\",\"contentUrl\":\"https:\/\/osaka.ma\/wp-content\/uploads\/2026\/01\/model-slogan-logo-2Plan-de-travail-1dksl-plus-finnn.png\",\"width\":842,\"height\":226,\"caption\":\"Osaka\"},\"image\":{\"@id\":\"https:\/\/osaka.ma\/#\/schema\/logo\/image\/\"}}]}<\/script>\n<!-- \/ Yoast SEO plugin. -->","yoast_head_json":{"title":"PC GAMER i5-11400 \/ 16GB \/ 512GB SSD \/ RTX 2060 SUPER 8GB - Osaka","robots":{"index":"index","follow":"follow","max-snippet":"max-snippet:-1","max-image-preview":"max-image-preview:large","max-video-preview":"max-video-preview:-1"},"canonical":"https:\/\/osaka.ma\/product\/pc-gamer-i5-11400-16gb-512gb-ssd-rtx-2060-super-8gb\/","og_locale":"ru_RU","og_type":"article","og_title":"PC GAMER i5-11400 \/ 16GB \/ 512GB SSD \/ RTX 2060 SUPER 8GB - Osaka","og_url":"https:\/\/osaka.ma\/product\/pc-gamer-i5-11400-16gb-512gb-ssd-rtx-2060-super-8gb\/","og_site_name":"Osaka","article_modified_time":"2024-12-18T15:36:12+00:00","og_image":[{"width":1080,"height":1080,"url":"https:\/\/osaka.ma\/wp-content\/uploads\/2024\/01\/Osaka-Gaming-MSI-MAG-Forge-M100R-A.jpg","type":"image\/jpeg"}],"twitter_card":"summary_large_image","twitter_misc":{"Est. reading time":"4 minutes"},"schema":{"@context":"https:\/\/schema.org","@graph":[{"@type":"WebPage","@id":"https:\/\/osaka.ma\/product\/pc-gamer-i5-11400-16gb-512gb-ssd-rtx-2060-super-8gb\/","url":"https:\/\/osaka.ma\/product\/pc-gamer-i5-11400-16gb-512gb-ssd-rtx-2060-super-8gb\/","name":"PC GAMER i5-11400 \/ 16GB \/ 512GB SSD \/ RTX 2060 SUPER 8GB - Osaka","isPartOf":{"@id":"https:\/\/osaka.ma\/#website"},"primaryImageOfPage":{"@id":"https:\/\/osaka.ma\/product\/pc-gamer-i5-11400-16gb-512gb-ssd-rtx-2060-super-8gb\/#primaryimage"},"image":{"@id":"https:\/\/osaka.ma\/product\/pc-gamer-i5-11400-16gb-512gb-ssd-rtx-2060-super-8gb\/#primaryimage"},"thumbnailUrl":"https:\/\/osaka.ma\/wp-content\/uploads\/2024\/01\/Osaka-Gaming-MSI-MAG-Forge-M100R-A.jpg","datePublished":"2024-07-03T10:31:26+00:00","dateModified":"2024-12-18T15:36:12+00:00","breadcrumb":{"@id":"https:\/\/osaka.ma\/product\/pc-gamer-i5-11400-16gb-512gb-ssd-rtx-2060-super-8gb\/#breadcrumb"},"inLanguage":"ru-RU","potentialAction":[{"@type":"ReadAction","target":["https:\/\/osaka.ma\/product\/pc-gamer-i5-11400-16gb-512gb-ssd-rtx-2060-super-8gb\/"]}]},{"@type":"ImageObject","inLanguage":"ru-RU","@id":"https:\/\/osaka.ma\/product\/pc-gamer-i5-11400-16gb-512gb-ssd-rtx-2060-super-8gb\/#primaryimage","url":"https:\/\/osaka.ma\/wp-content\/uploads\/2024\/01\/Osaka-Gaming-MSI-MAG-Forge-M100R-A.jpg","contentUrl":"https:\/\/osaka.ma\/wp-content\/uploads\/2024\/01\/Osaka-Gaming-MSI-MAG-Forge-M100R-A.jpg","width":1080,"height":1080},{"@type":"BreadcrumbList","@id":"https:\/\/osaka.ma\/product\/pc-gamer-i5-11400-16gb-512gb-ssd-rtx-2060-super-8gb\/#breadcrumb","itemListElement":[{"@type":"ListItem","position":1,"name":"Home","item":"https:\/\/osaka.ma\/"},{"@type":"ListItem","position":2,"name":"Shop","item":"https:\/\/osaka.ma\/shop-2\/"},{"@type":"ListItem","position":3,"name":"PC GAMER i5-11400 \/ 16GB \/ 512GB SSD \/ RTX 2060 SUPER 8GB"}]},{"@type":"WebSite","@id":"https:\/\/osaka.ma\/#website","url":"https:\/\/osaka.ma\/","name":"Osaka","description":"","publisher":{"@id":"https:\/\/osaka.ma\/#organization"},"potentialAction":[{"@type":"SearchAction","target":{"@type":"EntryPoint","urlTemplate":"https:\/\/osaka.ma\/?s={search_term_string}"},"query-input":{"@type":"PropertyValueSpecification","valueRequired":true,"valueName":"search_term_string"}}],"inLanguage":"ru-RU"},{"@type":"Organization","@id":"https:\/\/osaka.ma\/#organization","name":"Osaka","url":"https:\/\/osaka.ma\/","logo":{"@type":"ImageObject","inLanguage":"ru-RU","@id":"https:\/\/osaka.ma\/#\/schema\/logo\/image\/","url":"https:\/\/osaka.ma\/wp-content\/uploads\/2026\/01\/model-slogan-logo-2Plan-de-travail-1dksl-plus-finnn.png","contentUrl":"https:\/\/osaka.ma\/wp-content\/uploads\/2026\/01\/model-slogan-logo-2Plan-de-travail-1dksl-plus-finnn.png","width":842,"height":226,"caption":"Osaka"},"image":{"@id":"https:\/\/osaka.ma\/#\/schema\/logo\/image\/"}}]}},"jetpack_sharing_enabled":true,"brands":[],"_links":{"self":[{"href":"https:\/\/osaka.ma\/ru\/wp-json\/wp\/v2\/product\/9577","targetHints":{"allow":["GET"]}}],"collection":[{"href":"https:\/\/osaka.ma\/ru\/wp-json\/wp\/v2\/product"}],"about":[{"href":"https:\/\/osaka.ma\/ru\/wp-json\/wp\/v2\/types\/product"}],"version-history":[{"count":0,"href":"https:\/\/osaka.ma\/ru\/wp-json\/wp\/v2\/product\/9577\/revisions"}],"wp:featuredmedia":[{"embeddable":true,"href":"https:\/\/osaka.ma\/ru\/wp-json\/wp\/v2\/media\/1007271"}],"wp:attachment":[{"href":"https:\/\/osaka.ma\/ru\/wp-json\/wp\/v2\/media?parent=9577"}],"wp:term":[{"taxonomy":"pwb-brand","embeddable":true,"href":"https:\/\/osaka.ma\/ru\/wp-json\/wp\/v2\/pwb-brand?post=9577"},{"taxonomy":"product_brand","embeddable":true,"href":"https:\/\/osaka.ma\/ru\/wp-json\/wp\/v2\/product_brand?post=9577"},{"taxonomy":"product_cat","embeddable":true,"href":"https:\/\/osaka.ma\/ru\/wp-json\/wp\/v2\/product_cat?post=9577"},{"taxonomy":"product_tag","embeddable":true,"href":"https:\/\/osaka.ma\/ru\/wp-json\/wp\/v2\/product_tag?post=9577"},{"taxonomy":"pcb_component_type","embeddable":true,"href":"https:\/\/osaka.ma\/ru\/wp-json\/wp\/v2\/pcb_component_type?post=9577"}],"curies":[{"name":"wp","href":"https:\/\/api.w.org\/{rel}","templated":true}]}}