{"id":9660,"date":"2024-07-09T13:42:34","date_gmt":"2024-07-09T13:42:34","guid":{"rendered":"https:\/\/osaka.ma\/?post_type=product&#038;p=9660"},"modified":"2024-12-18T15:36:13","modified_gmt":"2024-12-18T15:36:13","slug":"msi-cyborg-15-a12v-i7-12650h-16gb-512gb-16gb-rtx-4060-8gb-15-6-fhd-ips-144hz","status":"publish","type":"product","link":"https:\/\/osaka.ma\/ru\/product\/msi-cyborg-15-a12v-i7-12650h-16gb-512gb-16gb-rtx-4060-8gb-15-6-fhd-ips-144hz\/","title":{"rendered":"MSI CYBORG 15 i7-12650H \/ 16GB \/ 512GB \/ RTX 4060 8GB \/ 15.6&#8243; FHD IPS 144Hz"},"content":{"rendered":"<div class=\"logo\"><img decoding=\"async\" class=\"aligncenter\" src=\"https:\/\/media.ldlc.com\/v3\/marque\/bo\/00\/05\/99\/39\/V30005993997.gif\" alt=\"MSI\" \/><\/div>\n<div id=\"description\" class=\"description\">\n<div class=\"details-pdt-desc\">\n<h2><\/h2>\n<h2 class=\"h2-master\">Design Cyber et performances Premios !<\/h2>\n<section>Nova ! Avec son design inspir\u00e9 de l&#8217;univers Cyberpunk, le\u00a0<strong>MSI Cyborg 15 A12VF<\/strong>\u00a0annonce la couleur d&#8217;entr\u00e9e de jeu ! Cet ordinateur portable Gamer allie la beaut\u00e9 \u00e0 la performance avec notamment des composants ultra-performants, un \u00e9cran IPS 144 Hz et un syst\u00e8me de refroidissement de qualit\u00e9.<\/section>\n<section><\/section>\n<section>\n<div class=\"desc-image\"><img decoding=\"async\" src=\"https:\/\/media.ldlc.com\/bo\/images\/fiches\/pc_portables\/msi\/cyborg_15\/801.jpg\" alt=\"\" \/><\/div>\n<div class=\"desc-text\">\n<h2><\/h2>\n<h2>PROCESSEUR INTEL CORE I7 DE 12E G\u00c9N\u00c9RATION<\/h2>\n<p>Gr\u00e2ce aux processeurs Intel Core de 12e g\u00e9n\u00e9ration, l&#8217;ordinateur portable MSI Cyborg 15 offre des performances survitamin\u00e9es, qu&#8217;il s&#8217;agisse de projets multit\u00e2ches ou de jeux vid\u00e9o dernier cri. Gr\u00e2ce \u00e0 une architecture hybride hautes performances, les processeurs Intel Core de 12e g\u00e9n\u00e9ration offrent une combinaison unique de c\u0153urs performants et efficaces (P-core et E-core). La charge de travail \u00e9tant achemin\u00e9e intelligemment par Intel Thread Director, le processeur divise pour mieux conqu\u00e9rir !<\/p>\n<\/div>\n<\/section>\n<section>\n<div class=\"desc-text\">\n<h2>NVIDIA GEFORCE RTX 4060<\/h2>\n<p>Les puces graphiques NVIDIA GeForce RTX s\u00e9rie 40 offrent une rapidit\u00e9 extr\u00eame aux gamers et aux cr\u00e9ateurs. Bas\u00e9s sur l&#8217;architecture NVIDIA Ada Lovelace \u00e0 haut degr\u00e9 d\u2019efficacit\u00e9, ces GPU constituent une avanc\u00e9e d\u00e9cisive en mati\u00e8re de performances gr\u00e2ce au DLSS 3 bas\u00e9 sur l&#8217;IA et au ray tracing qui assure des images ultrar\u00e9alistes. De plus, la suite de technologies Max-Q optimise les performances du syst\u00e8me, l&#8217;alimentation, l&#8217;autonomie de la batterie et le niveau de bruit, pour une efficacit\u00e9 plus \u00e9lev\u00e9e.<\/p>\n<p>&nbsp;<\/p>\n<\/div>\n<div class=\"desc-image\"><img decoding=\"async\" src=\"https:\/\/media.ldlc.com\/bo\/images\/fiches\/pc_portables\/msi\/cyborg_15\/802.jpg\" alt=\"\" \/><\/div>\n<div><\/div>\n<\/section>\n<section>\n<div class=\"desc-image\"><img decoding=\"async\" src=\"https:\/\/media.ldlc.com\/bo\/images\/fiches\/pc_portables\/msi\/cyborg_15\/803.jpg\" alt=\"\" \/><\/div>\n<div class=\"desc-text\">\n<h2><\/h2>\n<h2>\u00c9CRAN 144 HZ \u00c0 CADRE \u00c0 BORDS FINS<\/h2>\n<p>L&#8217;\u00e9cran \u00e0 bords fins du Cyborg 15 offre un taux de rafra\u00eechissement de 144 Hz et vous assure des images r\u00e9alistes et d\u00e9taill\u00e9es pour des jeux plus immersifs. En tirant parti du meilleur de la carte graphique NVIDIA GeForce RTX int\u00e9gr\u00e9e, l&#8217;\u00e9cran du Cyborg 15 offre des jeux fluides avec des graphismes \u00e0 couper le souffle.<\/p>\n<\/div>\n<\/section>\n<section>\n<div class=\"desc-text\">\n<h2>CLAVIER GAMING CYBERPUNK<\/h2>\n<p>Cet ordinateur portable MSI Cyborg 15 est \u00e9quip\u00e9 d&#8217;un clavier r\u00e9tro\u00e9clair\u00e9 au look futuriste inspir\u00e9 de l&#8217;univers Cyberpunk. Les touches ZQSD sont mises en valeur avec un design translucide, pour une meilleure visiblit\u00e9 et un look vraiment unique !<\/p>\n<p>&nbsp;<\/p>\n<\/div>\n<div class=\"desc-image\"><img decoding=\"async\" src=\"https:\/\/media.ldlc.com\/bo\/images\/fiches\/pc_portables\/msi\/cyborg_15\/804.jpg\" alt=\"\" \/><\/div>\n<\/section>\n<section class=\"list\">\n<h2>CARACT\u00c9RISTIQUES PRINCIPALES :<\/h2>\n<ul>\n<li><strong>Processeur Intel Core i7-12650H<\/strong>\u00a0(6 Performance-Cores 4.7 GHz Turbo + 4 Efficient-Cores 3.5 GHz Turbo &#8211; 16 Threads &#8211; Cache 24 Mo)<\/li>\n<li>\u00c9cran de 15.6 pouces avec\u00a0r\u00e9solution<strong>\u00a0Full HD\u00a0<\/strong>(1920 x 1080 pixels)<\/li>\n<li>Image fluide avec\u00a0<strong>fr\u00e9quence d&#8217;affichage de 144 Hz<\/strong><\/li>\n<li>1<strong>6 GB de m\u00e9moire vive DDR5<\/strong> (2x 8 Go &#8211; 2 slots avec maximum 64 Go au total)<\/li>\n<li>Puce graphique<strong>\u00a0NVIDIA GeForce RTX 4060 Laptop<\/strong>\u00a0avec 8 Go de m\u00e9moire (1470 MHz &#8211; 45W)<\/li>\n<li>Latence r\u00e9duite avec\u00a0<strong>NVIDIA Reflex<\/strong><\/li>\n<li><strong>SSD M.2 PCIe 4.0 de 512 Go<\/strong><\/li>\n<li><strong>Clavier Gamer\u00a0<\/strong>avec\u00a0<strong>r\u00e9tro\u00e9clairage des touches bleu<\/strong><\/li>\n<li>Communication sans fil fiable et performante\u00a0<strong>Wi-Fi 6<\/strong>\u00a0+<strong>\u00a0Bluetooth 5.2<\/strong><\/li>\n<li>Cooler Boost : refroidissement performant avec ventilateurs, caloducs et p\u00e2te thermique exclusive<\/li>\n<li>Webcam HD 720p int\u00e9gr\u00e9e<\/li>\n<li>Adaptateur d&#8217;alimentation 120 W<\/li>\n<li><strong>Windows 11 Famille<\/strong><\/li>\n<li>Etat : Neuf sans emballage<\/li>\n<\/ul>\n<\/section>\n<\/div>\n<\/div>\n","protected":false},"excerpt":{"rendered":"<p>Nova ! Avec son design inspir\u00e9 de l&#8217;univers Cyberpunk, le<strong> MSI Cyborg 15<\/strong> annonce la couleur d&#8217;entr\u00e9e de jeu ! Cet ordinateur portable Gamer allie la beaut\u00e9 \u00e0 la performance avec notamment des composants ultra-performants, un \u00e9cran IPS 144 Hz et un syst\u00e8me de refroidissement de qualit\u00e9.<\/p>\n<h4>CARACT\u00c9RISTIQUES PRINCIPALES :<\/h4>\n<ul>\n<li><strong>Processeur Intel Core i7-12650H<\/strong>\u00a0(6 Performance-Cores 4.7 GHz Turbo + 4 Efficient-Cores 3.5 GHz Turbo &#8211; 16 Threads &#8211; Cache 24 Mo)<\/li>\n<li>\u00c9cran de 15.6 pouces avec\u00a0r\u00e9solution<strong>\u00a0Full HD\u00a0<\/strong>(1920 x 1080 pixels)<\/li>\n<li>Image fluide avec\u00a0<strong>fr\u00e9quence d&#8217;affichage de 144 Hz<\/strong><\/li>\n<li>1<strong>6 GB de m\u00e9moire vive DDR5<\/strong> (2x 8 Go &#8211; 2 slots avec maximum 64 Go au total)<\/li>\n<li>Puce graphique<strong>\u00a0NVIDIA GeForce RTX 4060 Laptop<\/strong>\u00a0avec 8 Go de m\u00e9moire (1470 MHz &#8211; 45W)<\/li>\n<li>Latence r\u00e9duite avec\u00a0<strong>NVIDIA Reflex<\/strong><\/li>\n<li><strong>SSD M.2 PCIe 4.0 de 512 Go<\/strong><\/li>\n<li><strong>Clavier Gamer\u00a0<\/strong>avec\u00a0<strong>r\u00e9tro\u00e9clairage des touches bleu<\/strong><\/li>\n<li>Communication sans fil fiable et performante\u00a0<strong>Wi-Fi 6<\/strong>\u00a0+<strong>\u00a0Bluetooth 5.2<\/strong><\/li>\n<li>Cooler Boost : refroidissement performant avec ventilateurs, caloducs et p\u00e2te thermique exclusive<\/li>\n<li>Webcam HD 720p int\u00e9gr\u00e9e<\/li>\n<li>Adaptateur d&#8217;alimentation 120 W<\/li>\n<li><strong>Windows 11 Famille<\/strong><\/li>\n<li>Etat : Neuf sans emballage<\/li>\n<\/ul>\n","protected":false},"featured_media":1009661,"template":"","meta":{"_acf_changed":false},"pwb-brand":[],"product_brand":[],"product_cat":[122,121],"product_tag":[],"pcb_component_type":[],"class_list":{"0":"post-9660","1":"product","2":"type-product","3":"status-publish","4":"has-post-thumbnail","6":"product_cat-gaming","7":"product_cat-pc-portable","9":"first","10":"outofstock","11":"shipping-taxable","12":"product-type-simple"},"translation":{"provider":"WPGlobus","version":"3.0.2","language":"ru","enabled_languages":["en","es","de","fr","ru"],"languages":{"en":{"title":true,"content":true,"excerpt":true},"es":{"title":false,"content":false,"excerpt":false},"de":{"title":false,"content":false,"excerpt":false},"fr":{"title":false,"content":false,"excerpt":false},"ru":{"title":false,"content":false,"excerpt":false}}},"acf":[],"yoast_head":"<!-- This site is optimized with the Yoast SEO plugin v27.2 - https:\/\/yoast.com\/product\/yoast-seo-wordpress\/ -->\n<title>MSI CYBORG 15 i7-12650H \/ 16GB \/ 512GB \/ RTX 4060 8GB \/ 15.6&quot; FHD IPS 144Hz - Osaka<\/title>\n<meta name=\"robots\" content=\"index, follow, max-snippet:-1, max-image-preview:large, max-video-preview:-1\" \/>\n<link rel=\"canonical\" href=\"https:\/\/osaka.ma\/product\/msi-cyborg-15-a12v-i7-12650h-16gb-512gb-16gb-rtx-4060-8gb-15-6-fhd-ips-144hz\/\" \/>\n<meta property=\"og:locale\" content=\"ru_RU\" \/>\n<meta property=\"og:type\" content=\"article\" \/>\n<meta property=\"og:title\" content=\"MSI CYBORG 15 i7-12650H \/ 16GB \/ 512GB \/ RTX 4060 8GB \/ 15.6&quot; FHD IPS 144Hz - Osaka\" \/>\n<meta property=\"og:url\" content=\"https:\/\/osaka.ma\/product\/msi-cyborg-15-a12v-i7-12650h-16gb-512gb-16gb-rtx-4060-8gb-15-6-fhd-ips-144hz\/\" \/>\n<meta property=\"og:site_name\" content=\"Osaka\" \/>\n<meta property=\"article:modified_time\" content=\"2024-12-18T15:36:13+00:00\" \/>\n<meta property=\"og:image\" content=\"https:\/\/osaka.ma\/wp-content\/uploads\/2024\/07\/MSI-CYBORG-15.jpg\" \/>\n\t<meta property=\"og:image:width\" content=\"1600\" \/>\n\t<meta property=\"og:image:height\" content=\"1600\" \/>\n\t<meta property=\"og:image:type\" content=\"image\/jpeg\" \/>\n<meta name=\"twitter:card\" content=\"summary_large_image\" \/>\n<meta name=\"twitter:label1\" content=\"Est. reading time\" \/>\n\t<meta name=\"twitter:data1\" content=\"4 minutes\" \/>\n<script type=\"application\/ld+json\" class=\"yoast-schema-graph\">{\"@context\":\"https:\/\/schema.org\",\"@graph\":[{\"@type\":\"WebPage\",\"@id\":\"https:\/\/osaka.ma\/product\/msi-cyborg-15-a12v-i7-12650h-16gb-512gb-16gb-rtx-4060-8gb-15-6-fhd-ips-144hz\/\",\"url\":\"https:\/\/osaka.ma\/product\/msi-cyborg-15-a12v-i7-12650h-16gb-512gb-16gb-rtx-4060-8gb-15-6-fhd-ips-144hz\/\",\"name\":\"MSI CYBORG 15 i7-12650H \/ 16GB \/ 512GB \/ RTX 4060 8GB \/ 15.6\\\" FHD IPS 144Hz - Osaka\",\"isPartOf\":{\"@id\":\"https:\/\/osaka.ma\/#website\"},\"primaryImageOfPage\":{\"@id\":\"https:\/\/osaka.ma\/product\/msi-cyborg-15-a12v-i7-12650h-16gb-512gb-16gb-rtx-4060-8gb-15-6-fhd-ips-144hz\/#primaryimage\"},\"image\":{\"@id\":\"https:\/\/osaka.ma\/product\/msi-cyborg-15-a12v-i7-12650h-16gb-512gb-16gb-rtx-4060-8gb-15-6-fhd-ips-144hz\/#primaryimage\"},\"thumbnailUrl\":\"https:\/\/osaka.ma\/wp-content\/uploads\/2024\/07\/MSI-CYBORG-15.jpg\",\"datePublished\":\"2024-07-09T13:42:34+00:00\",\"dateModified\":\"2024-12-18T15:36:13+00:00\",\"breadcrumb\":{\"@id\":\"https:\/\/osaka.ma\/product\/msi-cyborg-15-a12v-i7-12650h-16gb-512gb-16gb-rtx-4060-8gb-15-6-fhd-ips-144hz\/#breadcrumb\"},\"inLanguage\":\"ru-RU\",\"potentialAction\":[{\"@type\":\"ReadAction\",\"target\":[\"https:\/\/osaka.ma\/product\/msi-cyborg-15-a12v-i7-12650h-16gb-512gb-16gb-rtx-4060-8gb-15-6-fhd-ips-144hz\/\"]}]},{\"@type\":\"ImageObject\",\"inLanguage\":\"ru-RU\",\"@id\":\"https:\/\/osaka.ma\/product\/msi-cyborg-15-a12v-i7-12650h-16gb-512gb-16gb-rtx-4060-8gb-15-6-fhd-ips-144hz\/#primaryimage\",\"url\":\"https:\/\/osaka.ma\/wp-content\/uploads\/2024\/07\/MSI-CYBORG-15.jpg\",\"contentUrl\":\"https:\/\/osaka.ma\/wp-content\/uploads\/2024\/07\/MSI-CYBORG-15.jpg\",\"width\":1600,\"height\":1600,\"caption\":\"MSI CYBORG A13VF \u2013 i7-13620H | RTX 4060 8GB | 16GB RAM | 512GB SSD | FHD 144Hz\"},{\"@type\":\"BreadcrumbList\",\"@id\":\"https:\/\/osaka.ma\/product\/msi-cyborg-15-a12v-i7-12650h-16gb-512gb-16gb-rtx-4060-8gb-15-6-fhd-ips-144hz\/#breadcrumb\",\"itemListElement\":[{\"@type\":\"ListItem\",\"position\":1,\"name\":\"Home\",\"item\":\"https:\/\/osaka.ma\/\"},{\"@type\":\"ListItem\",\"position\":2,\"name\":\"Shop\",\"item\":\"https:\/\/osaka.ma\/shop-2\/\"},{\"@type\":\"ListItem\",\"position\":3,\"name\":\"MSI CYBORG 15 i7-12650H \/ 16GB \/ 512GB \/ RTX 4060 8GB \/ 15.6&#8243; FHD IPS 144Hz\"}]},{\"@type\":\"WebSite\",\"@id\":\"https:\/\/osaka.ma\/#website\",\"url\":\"https:\/\/osaka.ma\/\",\"name\":\"Osaka\",\"description\":\"\",\"publisher\":{\"@id\":\"https:\/\/osaka.ma\/#organization\"},\"potentialAction\":[{\"@type\":\"SearchAction\",\"target\":{\"@type\":\"EntryPoint\",\"urlTemplate\":\"https:\/\/osaka.ma\/?s={search_term_string}\"},\"query-input\":{\"@type\":\"PropertyValueSpecification\",\"valueRequired\":true,\"valueName\":\"search_term_string\"}}],\"inLanguage\":\"ru-RU\"},{\"@type\":\"Organization\",\"@id\":\"https:\/\/osaka.ma\/#organization\",\"name\":\"Osaka\",\"url\":\"https:\/\/osaka.ma\/\",\"logo\":{\"@type\":\"ImageObject\",\"inLanguage\":\"ru-RU\",\"@id\":\"https:\/\/osaka.ma\/#\/schema\/logo\/image\/\",\"url\":\"https:\/\/osaka.ma\/wp-content\/uploads\/2026\/01\/model-slogan-logo-2Plan-de-travail-1dksl-plus-finnn.png\",\"contentUrl\":\"https:\/\/osaka.ma\/wp-content\/uploads\/2026\/01\/model-slogan-logo-2Plan-de-travail-1dksl-plus-finnn.png\",\"width\":842,\"height\":226,\"caption\":\"Osaka\"},\"image\":{\"@id\":\"https:\/\/osaka.ma\/#\/schema\/logo\/image\/\"}}]}<\/script>\n<!-- \/ Yoast SEO plugin. -->","yoast_head_json":{"title":"MSI CYBORG 15 i7-12650H \/ 16GB \/ 512GB \/ RTX 4060 8GB \/ 15.6\" FHD IPS 144Hz - Osaka","robots":{"index":"index","follow":"follow","max-snippet":"max-snippet:-1","max-image-preview":"max-image-preview:large","max-video-preview":"max-video-preview:-1"},"canonical":"https:\/\/osaka.ma\/product\/msi-cyborg-15-a12v-i7-12650h-16gb-512gb-16gb-rtx-4060-8gb-15-6-fhd-ips-144hz\/","og_locale":"ru_RU","og_type":"article","og_title":"MSI CYBORG 15 i7-12650H \/ 16GB \/ 512GB \/ RTX 4060 8GB \/ 15.6\" FHD IPS 144Hz - Osaka","og_url":"https:\/\/osaka.ma\/product\/msi-cyborg-15-a12v-i7-12650h-16gb-512gb-16gb-rtx-4060-8gb-15-6-fhd-ips-144hz\/","og_site_name":"Osaka","article_modified_time":"2024-12-18T15:36:13+00:00","og_image":[{"width":1600,"height":1600,"url":"https:\/\/osaka.ma\/wp-content\/uploads\/2024\/07\/MSI-CYBORG-15.jpg","type":"image\/jpeg"}],"twitter_card":"summary_large_image","twitter_misc":{"Est. reading time":"4 minutes"},"schema":{"@context":"https:\/\/schema.org","@graph":[{"@type":"WebPage","@id":"https:\/\/osaka.ma\/product\/msi-cyborg-15-a12v-i7-12650h-16gb-512gb-16gb-rtx-4060-8gb-15-6-fhd-ips-144hz\/","url":"https:\/\/osaka.ma\/product\/msi-cyborg-15-a12v-i7-12650h-16gb-512gb-16gb-rtx-4060-8gb-15-6-fhd-ips-144hz\/","name":"MSI CYBORG 15 i7-12650H \/ 16GB \/ 512GB \/ RTX 4060 8GB \/ 15.6\" FHD IPS 144Hz - Osaka","isPartOf":{"@id":"https:\/\/osaka.ma\/#website"},"primaryImageOfPage":{"@id":"https:\/\/osaka.ma\/product\/msi-cyborg-15-a12v-i7-12650h-16gb-512gb-16gb-rtx-4060-8gb-15-6-fhd-ips-144hz\/#primaryimage"},"image":{"@id":"https:\/\/osaka.ma\/product\/msi-cyborg-15-a12v-i7-12650h-16gb-512gb-16gb-rtx-4060-8gb-15-6-fhd-ips-144hz\/#primaryimage"},"thumbnailUrl":"https:\/\/osaka.ma\/wp-content\/uploads\/2024\/07\/MSI-CYBORG-15.jpg","datePublished":"2024-07-09T13:42:34+00:00","dateModified":"2024-12-18T15:36:13+00:00","breadcrumb":{"@id":"https:\/\/osaka.ma\/product\/msi-cyborg-15-a12v-i7-12650h-16gb-512gb-16gb-rtx-4060-8gb-15-6-fhd-ips-144hz\/#breadcrumb"},"inLanguage":"ru-RU","potentialAction":[{"@type":"ReadAction","target":["https:\/\/osaka.ma\/product\/msi-cyborg-15-a12v-i7-12650h-16gb-512gb-16gb-rtx-4060-8gb-15-6-fhd-ips-144hz\/"]}]},{"@type":"ImageObject","inLanguage":"ru-RU","@id":"https:\/\/osaka.ma\/product\/msi-cyborg-15-a12v-i7-12650h-16gb-512gb-16gb-rtx-4060-8gb-15-6-fhd-ips-144hz\/#primaryimage","url":"https:\/\/osaka.ma\/wp-content\/uploads\/2024\/07\/MSI-CYBORG-15.jpg","contentUrl":"https:\/\/osaka.ma\/wp-content\/uploads\/2024\/07\/MSI-CYBORG-15.jpg","width":1600,"height":1600,"caption":"MSI CYBORG A13VF \u2013 i7-13620H | RTX 4060 8GB | 16GB RAM | 512GB SSD | FHD 144Hz"},{"@type":"BreadcrumbList","@id":"https:\/\/osaka.ma\/product\/msi-cyborg-15-a12v-i7-12650h-16gb-512gb-16gb-rtx-4060-8gb-15-6-fhd-ips-144hz\/#breadcrumb","itemListElement":[{"@type":"ListItem","position":1,"name":"Home","item":"https:\/\/osaka.ma\/"},{"@type":"ListItem","position":2,"name":"Shop","item":"https:\/\/osaka.ma\/shop-2\/"},{"@type":"ListItem","position":3,"name":"MSI CYBORG 15 i7-12650H \/ 16GB \/ 512GB \/ RTX 4060 8GB \/ 15.6&#8243; FHD IPS 144Hz"}]},{"@type":"WebSite","@id":"https:\/\/osaka.ma\/#website","url":"https:\/\/osaka.ma\/","name":"Osaka","description":"","publisher":{"@id":"https:\/\/osaka.ma\/#organization"},"potentialAction":[{"@type":"SearchAction","target":{"@type":"EntryPoint","urlTemplate":"https:\/\/osaka.ma\/?s={search_term_string}"},"query-input":{"@type":"PropertyValueSpecification","valueRequired":true,"valueName":"search_term_string"}}],"inLanguage":"ru-RU"},{"@type":"Organization","@id":"https:\/\/osaka.ma\/#organization","name":"Osaka","url":"https:\/\/osaka.ma\/","logo":{"@type":"ImageObject","inLanguage":"ru-RU","@id":"https:\/\/osaka.ma\/#\/schema\/logo\/image\/","url":"https:\/\/osaka.ma\/wp-content\/uploads\/2026\/01\/model-slogan-logo-2Plan-de-travail-1dksl-plus-finnn.png","contentUrl":"https:\/\/osaka.ma\/wp-content\/uploads\/2026\/01\/model-slogan-logo-2Plan-de-travail-1dksl-plus-finnn.png","width":842,"height":226,"caption":"Osaka"},"image":{"@id":"https:\/\/osaka.ma\/#\/schema\/logo\/image\/"}}]}},"jetpack_sharing_enabled":true,"brands":[],"_links":{"self":[{"href":"https:\/\/osaka.ma\/ru\/wp-json\/wp\/v2\/product\/9660","targetHints":{"allow":["GET"]}}],"collection":[{"href":"https:\/\/osaka.ma\/ru\/wp-json\/wp\/v2\/product"}],"about":[{"href":"https:\/\/osaka.ma\/ru\/wp-json\/wp\/v2\/types\/product"}],"version-history":[{"count":0,"href":"https:\/\/osaka.ma\/ru\/wp-json\/wp\/v2\/product\/9660\/revisions"}],"wp:featuredmedia":[{"embeddable":true,"href":"https:\/\/osaka.ma\/ru\/wp-json\/wp\/v2\/media\/1009661"}],"wp:attachment":[{"href":"https:\/\/osaka.ma\/ru\/wp-json\/wp\/v2\/media?parent=9660"}],"wp:term":[{"taxonomy":"pwb-brand","embeddable":true,"href":"https:\/\/osaka.ma\/ru\/wp-json\/wp\/v2\/pwb-brand?post=9660"},{"taxonomy":"product_brand","embeddable":true,"href":"https:\/\/osaka.ma\/ru\/wp-json\/wp\/v2\/product_brand?post=9660"},{"taxonomy":"product_cat","embeddable":true,"href":"https:\/\/osaka.ma\/ru\/wp-json\/wp\/v2\/product_cat?post=9660"},{"taxonomy":"product_tag","embeddable":true,"href":"https:\/\/osaka.ma\/ru\/wp-json\/wp\/v2\/product_tag?post=9660"},{"taxonomy":"pcb_component_type","embeddable":true,"href":"https:\/\/osaka.ma\/ru\/wp-json\/wp\/v2\/pcb_component_type?post=9660"}],"curies":[{"name":"wp","href":"https:\/\/api.w.org\/{rel}","templated":true}]}}